{"id":568,"date":"2021-10-21T09:21:36","date_gmt":"2021-10-21T09:21:36","guid":{"rendered":"https:\/\/61307986s.tzeka.com.tr\/?page_id=568"},"modified":"2021-11-23T13:01:02","modified_gmt":"2021-11-23T13:01:02","slug":"kitaplarim","status":"publish","type":"page","link":"https:\/\/bebek.com\/bebeveynakademi\/kitaplarim\/","title":{"rendered":"Kitaplar\u0131m"},"content":{"rendered":"\t\t<div data-elementor-type=\"wp-page\" data-elementor-id=\"568\" class=\"elementor elementor-568\">\n\t\t\t\t\t\t\t\t\t<section class=\"elementor-section elementor-top-section elementor-element elementor-element-1fee715 elementor-section-boxed elementor-section-height-default elementor-section-height-default\" data-id=\"1fee715\" data-element_type=\"section\">\n\t\t\t\t\t\t<div class=\"elementor-container elementor-column-gap-default\">\n\t\t\t\t\t<div class=\"elementor-column elementor-col-33 elementor-top-column elementor-element elementor-element-f3c35f8\" data-id=\"f3c35f8\" data-element_type=\"column\">\n\t\t\t<div class=\"elementor-widget-wrap elementor-element-populated\">\n\t\t\t\t\t\t\t\t<div class=\"elementor-element elementor-element-a79bf12 elementor-widget elementor-widget-image\" data-id=\"a79bf12\" data-element_type=\"widget\" data-widget_type=\"image.default\">\n\t\t\t\t<div class=\"elementor-widget-container\">\n\t\t\t<style>\/*! elementor - v3.7.1 - 14-08-2022 *\/\n.elementor-widget-image{text-align:center}.elementor-widget-image a{display:inline-block}.elementor-widget-image a img[src$=\".svg\"]{width:48px}.elementor-widget-image img{vertical-align:middle;display:inline-block}<\/style>\t\t\t\t\t\t\t\t\t\t\t\t<img loading=\"lazy\" decoding=\"async\" width=\"790\" height=\"792\" src=\"https:\/\/bebek.com\/bebeveynakademi\/wp-content\/uploads\/2021\/11\/kitap1.png\" class=\"attachment-large size-large\" alt=\"\" srcset=\"https:\/\/bebek.com\/bebeveynakademi\/wp-content\/uploads\/2021\/11\/kitap1.png 790w, https:\/\/bebek.com\/bebeveynakademi\/wp-content\/uploads\/2021\/11\/kitap1-300x300.png 300w, https:\/\/bebek.com\/bebeveynakademi\/wp-content\/uploads\/2021\/11\/kitap1-150x150.png 150w, https:\/\/bebek.com\/bebeveynakademi\/wp-content\/uploads\/2021\/11\/kitap1-768x770.png 768w\" sizes=\"auto, (max-width: 790px) 100vw, 790px\" \/>\t\t\t\t\t\t\t\t\t\t\t\t\t\t\t<\/div>\n\t\t\t\t<\/div>\n\t\t\t\t<div class=\"elementor-element elementor-element-0841fd5 elementor-widget elementor-widget-heading\" data-id=\"0841fd5\" data-element_type=\"widget\" data-widget_type=\"heading.default\">\n\t\t\t\t<div class=\"elementor-widget-container\">\n\t\t\t<style>\/*! elementor - v3.7.1 - 14-08-2022 *\/\n.elementor-heading-title{padding:0;margin:0;line-height:1}.elementor-widget-heading .elementor-heading-title[class*=elementor-size-]>a{color:inherit;font-size:inherit;line-height:inherit}.elementor-widget-heading .elementor-heading-title.elementor-size-small{font-size:15px}.elementor-widget-heading .elementor-heading-title.elementor-size-medium{font-size:19px}.elementor-widget-heading .elementor-heading-title.elementor-size-large{font-size:29px}.elementor-widget-heading .elementor-heading-title.elementor-size-xl{font-size:39px}.elementor-widget-heading .elementor-heading-title.elementor-size-xxl{font-size:59px}<\/style><h2 class=\"elementor-heading-title elementor-size-default\">\u00c7izgi<\/h2>\t\t<\/div>\n\t\t\t\t<\/div>\n\t\t\t\t<div class=\"elementor-element elementor-element-ee5df70 elementor-widget elementor-widget-text-editor\" data-id=\"ee5df70\" data-element_type=\"widget\" data-widget_type=\"text-editor.default\">\n\t\t\t\t<div class=\"elementor-widget-container\">\n\t\t\t<style>\/*! elementor - v3.7.1 - 14-08-2022 *\/\n.elementor-widget-text-editor.elementor-drop-cap-view-stacked .elementor-drop-cap{background-color:#818a91;color:#fff}.elementor-widget-text-editor.elementor-drop-cap-view-framed .elementor-drop-cap{color:#818a91;border:3px solid;background-color:transparent}.elementor-widget-text-editor:not(.elementor-drop-cap-view-default) .elementor-drop-cap{margin-top:8px}.elementor-widget-text-editor:not(.elementor-drop-cap-view-default) .elementor-drop-cap-letter{width:1em;height:1em}.elementor-widget-text-editor .elementor-drop-cap{float:left;text-align:center;line-height:1;font-size:50px}.elementor-widget-text-editor .elementor-drop-cap-letter{display:inline-block}<\/style>\t\t\t\t<p>Bebekler do\u011fduklar\u0131nda ancak kontrast renkleri ay\u0131rt edebilirler. Bu nedenle de ilk bebek kitaplar\u0131 siyah beyaz g\u00f6rsellerden olu\u015fan karton kitaplar olarak kurgulan\u0131r. \u00c7izgi kitab\u0131 da tam da bu amaca hizmet edecek \u015fekilde tasarland\u0131. Kitab\u0131n karton kapaktan olu\u015fmas\u0131 ve akordeon \u015feklinde a\u00e7\u0131lmas\u0131 size avantaj sunuyor. Kitab\u0131 ister bebe\u011finizin ba\u015f ucuna dikey olarak koyun ister yatay uzat\u0131p bebe\u011finizin kar\u0131n \u00fcst\u00fc g\u00f6rselleri incelemesini sa\u011flay\u0131n.<\/p>\t\t\t\t\t\t<\/div>\n\t\t\t\t<\/div>\n\t\t\t\t\t<\/div>\n\t\t<\/div>\n\t\t\t\t<div class=\"elementor-column elementor-col-33 elementor-top-column elementor-element elementor-element-43d6023\" data-id=\"43d6023\" data-element_type=\"column\">\n\t\t\t<div class=\"elementor-widget-wrap elementor-element-populated\">\n\t\t\t\t\t\t\t\t<div class=\"elementor-element elementor-element-28001be elementor-widget elementor-widget-image\" data-id=\"28001be\" data-element_type=\"widget\" data-widget_type=\"image.default\">\n\t\t\t\t<div class=\"elementor-widget-container\">\n\t\t\t\t\t\t\t\t\t\t\t\t\t\t\t<img loading=\"lazy\" decoding=\"async\" width=\"843\" height=\"843\" src=\"https:\/\/bebek.com\/bebeveynakademi\/wp-content\/uploads\/2021\/11\/Screen-Shot-2021-11-04-at-13.02.19-1024x1024.png\" class=\"attachment-large size-large\" alt=\"\" srcset=\"https:\/\/bebek.com\/bebeveynakademi\/wp-content\/uploads\/2021\/11\/Screen-Shot-2021-11-04-at-13.02.19-1024x1024.png 1024w, https:\/\/bebek.com\/bebeveynakademi\/wp-content\/uploads\/2021\/11\/Screen-Shot-2021-11-04-at-13.02.19-300x300.png 300w, https:\/\/bebek.com\/bebeveynakademi\/wp-content\/uploads\/2021\/11\/Screen-Shot-2021-11-04-at-13.02.19-150x150.png 150w, https:\/\/bebek.com\/bebeveynakademi\/wp-content\/uploads\/2021\/11\/Screen-Shot-2021-11-04-at-13.02.19-768x769.png 768w, https:\/\/bebek.com\/bebeveynakademi\/wp-content\/uploads\/2021\/11\/Screen-Shot-2021-11-04-at-13.02.19-1320x1322.png 1320w, https:\/\/bebek.com\/bebeveynakademi\/wp-content\/uploads\/2021\/11\/Screen-Shot-2021-11-04-at-13.02.19.png 1518w\" sizes=\"auto, (max-width: 843px) 100vw, 843px\" \/>\t\t\t\t\t\t\t\t\t\t\t\t\t\t\t<\/div>\n\t\t\t\t<\/div>\n\t\t\t\t<div class=\"elementor-element elementor-element-cc31a16 elementor-widget elementor-widget-heading\" data-id=\"cc31a16\" data-element_type=\"widget\" data-widget_type=\"heading.default\">\n\t\t\t\t<div class=\"elementor-widget-container\">\n\t\t\t<h2 class=\"elementor-heading-title elementor-size-default\">Renk<\/h2>\t\t<\/div>\n\t\t\t\t<\/div>\n\t\t\t\t<div class=\"elementor-element elementor-element-22f5381 elementor-widget elementor-widget-text-editor\" data-id=\"22f5381\" data-element_type=\"widget\" data-widget_type=\"text-editor.default\">\n\t\t\t\t<div class=\"elementor-widget-container\">\n\t\t\t\t\t\t\t<p>Bu akordeon kitap sanat\u00e7\u0131lar\u0131n perspektifinden renklerin kontrast yap\u0131s\u0131n\u0131 sunuyor. Renk kitab\u0131 hen\u00fcz kurgusal kitaplar i\u00e7in haz\u0131r olmayan bebe\u011finize kitaplarla olan etkile\u015fimini d\u00fcnyaca \u00fcnl\u00fc eserler \u00fczerinden sunuyor. Bu etkile\u015fimi sizler de farkl\u0131 tablolarla devam ettirebilirsiniz. Kitab\u0131n karton kapaktan olu\u015fmas\u0131 ve akordeon \u015feklinde a\u00e7\u0131lmas\u0131 size avantaj sunuyor. Kitab\u0131 ister bebe\u011finizin ba\u015f ucuna dikey olarak koyun ister yatay uzat\u0131p bebe\u011finizin kar\u0131n \u00fcst\u00fc g\u00f6rselleri incelemesini sa\u011flay\u0131n.<\/p>\t\t\t\t\t\t<\/div>\n\t\t\t\t<\/div>\n\t\t\t\t\t<\/div>\n\t\t<\/div>\n\t\t\t\t<div class=\"elementor-column elementor-col-33 elementor-top-column elementor-element elementor-element-0c83010\" data-id=\"0c83010\" data-element_type=\"column\">\n\t\t\t<div class=\"elementor-widget-wrap elementor-element-populated\">\n\t\t\t\t\t\t\t\t<div class=\"elementor-element elementor-element-fabfa71 elementor-widget elementor-widget-image\" data-id=\"fabfa71\" data-element_type=\"widget\" data-widget_type=\"image.default\">\n\t\t\t\t<div class=\"elementor-widget-container\">\n\t\t\t\t\t\t\t\t\t\t\t\t\t\t\t<img loading=\"lazy\" decoding=\"async\" width=\"843\" height=\"843\" src=\"https:\/\/bebek.com\/bebeveynakademi\/wp-content\/uploads\/2021\/11\/Screen-Shot-2021-11-04-at-13.02.36-1024x1024.png\" class=\"attachment-large size-large\" alt=\"\" srcset=\"https:\/\/bebek.com\/bebeveynakademi\/wp-content\/uploads\/2021\/11\/Screen-Shot-2021-11-04-at-13.02.36-1024x1024.png 1024w, https:\/\/bebek.com\/bebeveynakademi\/wp-content\/uploads\/2021\/11\/Screen-Shot-2021-11-04-at-13.02.36-300x300.png 300w, https:\/\/bebek.com\/bebeveynakademi\/wp-content\/uploads\/2021\/11\/Screen-Shot-2021-11-04-at-13.02.36-150x150.png 150w, https:\/\/bebek.com\/bebeveynakademi\/wp-content\/uploads\/2021\/11\/Screen-Shot-2021-11-04-at-13.02.36-768x769.png 768w, https:\/\/bebek.com\/bebeveynakademi\/wp-content\/uploads\/2021\/11\/Screen-Shot-2021-11-04-at-13.02.36-1320x1322.png 1320w, https:\/\/bebek.com\/bebeveynakademi\/wp-content\/uploads\/2021\/11\/Screen-Shot-2021-11-04-at-13.02.36.png 1516w\" sizes=\"auto, (max-width: 843px) 100vw, 843px\" \/>\t\t\t\t\t\t\t\t\t\t\t\t\t\t\t<\/div>\n\t\t\t\t<\/div>\n\t\t\t\t<div class=\"elementor-element elementor-element-0c2f548 elementor-widget elementor-widget-heading\" data-id=\"0c2f548\" data-element_type=\"widget\" data-widget_type=\"heading.default\">\n\t\t\t\t<div class=\"elementor-widget-container\">\n\t\t\t<h2 class=\"elementor-heading-title elementor-size-default\">Duygu<\/h2>\t\t<\/div>\n\t\t\t\t<\/div>\n\t\t\t\t<div class=\"elementor-element elementor-element-771e6ca elementor-widget elementor-widget-text-editor\" data-id=\"771e6ca\" data-element_type=\"widget\" data-widget_type=\"text-editor.default\">\n\t\t\t\t<div class=\"elementor-widget-container\">\n\t\t\t\t\t\t\t<p>Portreler bebeklerin olduk\u00e7a dikkatini \u00e7eker. G\u00f6zleri belirgin olan herhangi bir y\u00fcz ile ileti\u015fime ge\u00e7mek isterler. Hatta \u00e7evrelerinde g\u00f6rd\u00fckleri duygular\u0131 yans\u0131tma konusunda da olduk\u00e7a ba\u015far\u0131l\u0131d\u0131rlar. Duygu kitab\u0131 temel duygular\u0131 hem insan hem de hayvan portreleri \u00fczerinden sunuyor. Bu kitab\u0131 bebe\u011finize sundu\u011funuzda bebe\u011finizin portrelerle olan etkile\u015fimini keyifle g\u00f6zlemleyebilirsiniz. Kitab\u0131 ister bebe\u011finizin ba\u015f ucuna dikey olarak koyun ister yatay uzat\u0131p bebe\u011finizin kar\u0131n \u00fcst\u00fc g\u00f6rselleri incelemesini sa\u011flay\u0131n.<br \/><br \/><\/p>\t\t\t\t\t\t<\/div>\n\t\t\t\t<\/div>\n\t\t\t\t\t<\/div>\n\t\t<\/div>\n\t\t\t\t\t\t\t<\/div>\n\t\t<\/section>\n\t\t\t\t<section class=\"elementor-section elementor-top-section elementor-element elementor-element-4457e78 elementor-section-boxed elementor-section-height-default elementor-section-height-default\" data-id=\"4457e78\" data-element_type=\"section\">\n\t\t\t\t\t\t<div class=\"elementor-container elementor-column-gap-default\">\n\t\t\t\t\t<div class=\"elementor-column elementor-col-33 elementor-top-column elementor-element elementor-element-4e4b00c\" data-id=\"4e4b00c\" data-element_type=\"column\">\n\t\t\t<div class=\"elementor-widget-wrap elementor-element-populated\">\n\t\t\t\t\t\t\t\t<div class=\"elementor-element elementor-element-c9a0585 elementor-widget elementor-widget-image\" data-id=\"c9a0585\" data-element_type=\"widget\" data-widget_type=\"image.default\">\n\t\t\t\t<div class=\"elementor-widget-container\">\n\t\t\t\t\t\t\t\t\t\t\t\t\t\t\t<img loading=\"lazy\" decoding=\"async\" width=\"843\" height=\"845\" src=\"https:\/\/bebek.com\/bebeveynakademi\/wp-content\/uploads\/2021\/11\/Screen-Shot-2021-11-04-at-13.02.51-1021x1024.png\" class=\"attachment-large size-large\" alt=\"\" srcset=\"https:\/\/bebek.com\/bebeveynakademi\/wp-content\/uploads\/2021\/11\/Screen-Shot-2021-11-04-at-13.02.51-1021x1024.png 1021w, https:\/\/bebek.com\/bebeveynakademi\/wp-content\/uploads\/2021\/11\/Screen-Shot-2021-11-04-at-13.02.51-300x300.png 300w, https:\/\/bebek.com\/bebeveynakademi\/wp-content\/uploads\/2021\/11\/Screen-Shot-2021-11-04-at-13.02.51-150x150.png 150w, https:\/\/bebek.com\/bebeveynakademi\/wp-content\/uploads\/2021\/11\/Screen-Shot-2021-11-04-at-13.02.51-768x770.png 768w, https:\/\/bebek.com\/bebeveynakademi\/wp-content\/uploads\/2021\/11\/Screen-Shot-2021-11-04-at-13.02.51-1320x1323.png 1320w, https:\/\/bebek.com\/bebeveynakademi\/wp-content\/uploads\/2021\/11\/Screen-Shot-2021-11-04-at-13.02.51.png 1518w\" sizes=\"auto, (max-width: 843px) 100vw, 843px\" \/>\t\t\t\t\t\t\t\t\t\t\t\t\t\t\t<\/div>\n\t\t\t\t<\/div>\n\t\t\t\t<div class=\"elementor-element elementor-element-9a25d7a elementor-widget elementor-widget-heading\" data-id=\"9a25d7a\" data-element_type=\"widget\" data-widget_type=\"heading.default\">\n\t\t\t\t<div class=\"elementor-widget-container\">\n\t\t\t<h2 class=\"elementor-heading-title elementor-size-default\">Ses<\/h2>\t\t<\/div>\n\t\t\t\t<\/div>\n\t\t\t\t<div class=\"elementor-element elementor-element-ffffd5f elementor-widget elementor-widget-text-editor\" data-id=\"ffffd5f\" data-element_type=\"widget\" data-widget_type=\"text-editor.default\">\n\t\t\t\t<div class=\"elementor-widget-container\">\n\t\t\t\t\t\t\t<p>Ses \u00e7\u0131karmaya ba\u015flayan bebe\u011finizin yeni sesler ve heceler ke\u015ffetmesi dil geli\u015fimi i\u00e7in \u00f6nemlidir. Bu sesleri hayvanlar \u00fczerinde ona sunmak ise e\u011flenceli bir oyuna d\u00f6n\u00fc\u015febilir. Bu kitap farkl\u0131 hayvan seslerini tekrar ettiriyor. Konu\u015fman\u0131n ilk evresinde bebe\u011finizin anlaml\u0131 sesler \u00e7\u0131karmas\u0131 beklenilmez. \u00d6nemli olan bebeklerin farkl\u0131 ses ve heceleri telaffuz edebilmeleridir.<\/p>\t\t\t\t\t\t<\/div>\n\t\t\t\t<\/div>\n\t\t\t\t\t<\/div>\n\t\t<\/div>\n\t\t\t\t<div class=\"elementor-column elementor-col-33 elementor-top-column elementor-element elementor-element-8f590cc\" data-id=\"8f590cc\" data-element_type=\"column\">\n\t\t\t<div class=\"elementor-widget-wrap elementor-element-populated\">\n\t\t\t\t\t\t\t\t<div class=\"elementor-element elementor-element-92fa5c6 elementor-widget elementor-widget-image\" data-id=\"92fa5c6\" data-element_type=\"widget\" data-widget_type=\"image.default\">\n\t\t\t\t<div class=\"elementor-widget-container\">\n\t\t\t\t\t\t\t\t\t\t\t\t\t\t\t<img loading=\"lazy\" decoding=\"async\" width=\"791\" height=\"793\" src=\"https:\/\/bebek.com\/bebeveynakademi\/wp-content\/uploads\/2021\/11\/kitap3.png\" class=\"attachment-large size-large\" alt=\"\" srcset=\"https:\/\/bebek.com\/bebeveynakademi\/wp-content\/uploads\/2021\/11\/kitap3.png 791w, https:\/\/bebek.com\/bebeveynakademi\/wp-content\/uploads\/2021\/11\/kitap3-300x300.png 300w, https:\/\/bebek.com\/bebeveynakademi\/wp-content\/uploads\/2021\/11\/kitap3-150x150.png 150w, https:\/\/bebek.com\/bebeveynakademi\/wp-content\/uploads\/2021\/11\/kitap3-768x770.png 768w\" sizes=\"auto, (max-width: 791px) 100vw, 791px\" \/>\t\t\t\t\t\t\t\t\t\t\t\t\t\t\t<\/div>\n\t\t\t\t<\/div>\n\t\t\t\t<div class=\"elementor-element elementor-element-9822860 elementor-widget elementor-widget-heading\" data-id=\"9822860\" data-element_type=\"widget\" data-widget_type=\"heading.default\">\n\t\t\t\t<div class=\"elementor-widget-container\">\n\t\t\t<h2 class=\"elementor-heading-title elementor-size-default\">Teker<\/h2>\t\t<\/div>\n\t\t\t\t<\/div>\n\t\t\t\t<div class=\"elementor-element elementor-element-dfa7367 elementor-widget elementor-widget-text-editor\" data-id=\"dfa7367\" data-element_type=\"widget\" data-widget_type=\"text-editor.default\">\n\t\t\t\t<div class=\"elementor-widget-container\">\n\t\t\t\t\t\t\t<p>Bebekler yak\u0131n \u00e7evresinde g\u00f6rd\u00fc\u011f\u00fc nesnelere kar\u015f\u0131 daha ilgilidir. Teker kitab\u0131 yolculu\u011fa \u00e7\u0131kan bir tekerin hikayesini anlat\u0131yor. Bu yolculu\u011fa u\u00e7ak, araba ve tren de e\u015flik ediyor. Bebeklerin ilk oyuncaklar\u0131 da olan bu ta\u015f\u0131tlar hikayede tek tek s\u0131ralan\u0131yor. Karton kitap olmas\u0131 okurken de size ve bebe\u011finize kolayl\u0131k sa\u011flayabiliyor.<\/p>\t\t\t\t\t\t<\/div>\n\t\t\t\t<\/div>\n\t\t\t\t\t<\/div>\n\t\t<\/div>\n\t\t\t\t<div class=\"elementor-column elementor-col-33 elementor-top-column elementor-element elementor-element-41b29d0\" data-id=\"41b29d0\" data-element_type=\"column\">\n\t\t\t<div class=\"elementor-widget-wrap elementor-element-populated\">\n\t\t\t\t\t\t\t\t<div class=\"elementor-element elementor-element-a0d0087 elementor-widget elementor-widget-image\" data-id=\"a0d0087\" data-element_type=\"widget\" data-widget_type=\"image.default\">\n\t\t\t\t<div class=\"elementor-widget-container\">\n\t\t\t\t\t\t\t\t\t\t\t\t\t\t\t<img loading=\"lazy\" decoding=\"async\" width=\"791\" height=\"794\" src=\"https:\/\/bebek.com\/bebeveynakademi\/wp-content\/uploads\/2021\/11\/kitap2.png\" class=\"attachment-large size-large\" alt=\"\" srcset=\"https:\/\/bebek.com\/bebeveynakademi\/wp-content\/uploads\/2021\/11\/kitap2.png 791w, https:\/\/bebek.com\/bebeveynakademi\/wp-content\/uploads\/2021\/11\/kitap2-300x300.png 300w, https:\/\/bebek.com\/bebeveynakademi\/wp-content\/uploads\/2021\/11\/kitap2-150x150.png 150w, https:\/\/bebek.com\/bebeveynakademi\/wp-content\/uploads\/2021\/11\/kitap2-768x771.png 768w\" sizes=\"auto, (max-width: 791px) 100vw, 791px\" \/>\t\t\t\t\t\t\t\t\t\t\t\t\t\t\t<\/div>\n\t\t\t\t<\/div>\n\t\t\t\t<div class=\"elementor-element elementor-element-dff025e elementor-widget elementor-widget-heading\" data-id=\"dff025e\" data-element_type=\"widget\" data-widget_type=\"heading.default\">\n\t\t\t\t<div class=\"elementor-widget-container\">\n\t\t\t<h2 class=\"elementor-heading-title elementor-size-default\">Bebeveyn Akademi An\u0131 Defteri<\/h2>\t\t<\/div>\n\t\t\t\t<\/div>\n\t\t\t\t<div class=\"elementor-element elementor-element-ff3f0d8 elementor-widget elementor-widget-text-editor\" data-id=\"ff3f0d8\" data-element_type=\"widget\" data-widget_type=\"text-editor.default\">\n\t\t\t\t<div class=\"elementor-widget-container\">\n\t\t\t\t\t\t\t<p>Bebeveyn Akademi An\u0131 Defteri ile bebe\u011finizin ilk y\u0131l\u0131n\u0131 kay\u0131t alt\u0131na alabileceksiniz. \u00d6rne\u011fin birlikte yapt\u0131\u011f\u0131n\u0131z do\u011fa y\u00fcr\u00fcy\u00fc\u015flerini buraya not edebilecek veya bebe\u011finizin ismine nas\u0131l karar verdi\u011finizi yazabileceksiniz. Bebeveyn Akademi An\u0131 Defteri sanat, do\u011fa, dil, bak\u0131m, beslenme, geli\u015fim ba\u015fl\u0131klar\u0131nda takip etti\u011finiz bir y\u0131ll\u0131k Bebeveyn Akademi program\u0131n\u0131 destekler.<\/p>\t\t\t\t\t\t<\/div>\n\t\t\t\t<\/div>\n\t\t\t\t\t<\/div>\n\t\t<\/div>\n\t\t\t\t\t\t\t<\/div>\n\t\t<\/section>\n\t\t\t\t\t\t\t<\/div>\n\t\t","protected":false},"excerpt":{"rendered":"<p>\u00c7izgi Bebekler do\u011fduklar\u0131nda ancak kontrast renkleri ay\u0131rt edebilirler. Bu nedenle de ilk bebek kitaplar\u0131 siyah beyaz g\u00f6rsellerden olu\u015fan karton kitaplar olarak kurgulan\u0131r. \u00c7izgi kitab\u0131 da&hellip;<\/p>\n","protected":false},"author":19,"featured_media":0,"parent":0,"menu_order":0,"comment_status":"closed","ping_status":"closed","template":"","meta":{"_mi_skip_tracking":false,"footnotes":""},"class_list":["post-568","page","type-page","status-publish","hentry"],"yoast_head":"<!-- This site is optimized with the Yoast SEO plugin v19.5.1 - https:\/\/yoast.com\/wordpress\/plugins\/seo\/ -->\n<title>Kitaplar\u0131m - Bebeveyn Akademi<\/title>\n<meta name=\"robots\" content=\"noindex, follow, max-snippet:-1, max-image-preview:large, max-video-preview:-1\" \/>\n<meta property=\"og:locale\" content=\"tr_TR\" \/>\n<meta property=\"og:type\" content=\"article\" \/>\n<meta property=\"og:title\" content=\"Kitaplar\u0131m - Bebeveyn Akademi\" \/>\n<meta property=\"og:description\" content=\"\u00c7izgi Bebekler do\u011fduklar\u0131nda ancak kontrast renkleri ay\u0131rt edebilirler. Bu nedenle de ilk bebek kitaplar\u0131 siyah beyaz g\u00f6rsellerden olu\u015fan karton kitaplar olarak kurgulan\u0131r. \u00c7izgi kitab\u0131 da&hellip;\" \/>\n<meta property=\"og:url\" content=\"https:\/\/bebek.com\/bebeveynakademi\/kitaplarim\/\" \/>\n<meta property=\"og:site_name\" content=\"Bebeveyn Akademi\" \/>\n<meta property=\"article:modified_time\" content=\"2021-11-23T13:01:02+00:00\" \/>\n<meta property=\"og:image\" content=\"https:\/\/bebek.com\/bebeveynakademi\/wp-content\/uploads\/2021\/11\/kitap1.png\" \/>\n<meta name=\"twitter:card\" content=\"summary_large_image\" \/>\n<meta name=\"twitter:label1\" content=\"Tahmini okuma s\u00fcresi\" \/>\n\t<meta name=\"twitter:data1\" content=\"2 dakika\" \/>\n<script type=\"application\/ld+json\" class=\"yoast-schema-graph\">{\"@context\":\"https:\/\/schema.org\",\"@graph\":[{\"@type\":\"WebPage\",\"@id\":\"https:\/\/bebek.com\/bebeveynakademi\/kitaplarim\/\",\"url\":\"https:\/\/bebek.com\/bebeveynakademi\/kitaplarim\/\",\"name\":\"Kitaplar\u0131m - Bebeveyn Akademi\",\"isPartOf\":{\"@id\":\"https:\/\/bebek.com\/bebeveynakademi\/#website\"},\"datePublished\":\"2021-10-21T09:21:36+00:00\",\"dateModified\":\"2021-11-23T13:01:02+00:00\",\"breadcrumb\":{\"@id\":\"https:\/\/bebek.com\/bebeveynakademi\/kitaplarim\/#breadcrumb\"},\"inLanguage\":\"tr\",\"potentialAction\":[{\"@type\":\"ReadAction\",\"target\":[\"https:\/\/bebek.com\/bebeveynakademi\/kitaplarim\/\"]}]},{\"@type\":\"BreadcrumbList\",\"@id\":\"https:\/\/bebek.com\/bebeveynakademi\/kitaplarim\/#breadcrumb\",\"itemListElement\":[{\"@type\":\"ListItem\",\"position\":1,\"name\":\"Anasayfa\",\"item\":\"https:\/\/bebek.com\/bebeveynakademi\/\"},{\"@type\":\"ListItem\",\"position\":2,\"name\":\"- Kitaplar\u0131m\"}]},{\"@type\":\"WebSite\",\"@id\":\"https:\/\/bebek.com\/bebeveynakademi\/#website\",\"url\":\"https:\/\/bebek.com\/bebeveynakademi\/\",\"name\":\"Bebeveyn Akademi\",\"description\":\"\",\"publisher\":{\"@id\":\"https:\/\/bebek.com\/bebeveynakademi\/#organization\"},\"potentialAction\":[{\"@type\":\"SearchAction\",\"target\":{\"@type\":\"EntryPoint\",\"urlTemplate\":\"https:\/\/bebek.com\/bebeveynakademi\/?s={search_term_string}\"},\"query-input\":\"required name=search_term_string\"}],\"inLanguage\":\"tr\"},{\"@type\":\"Organization\",\"@id\":\"https:\/\/bebek.com\/bebeveynakademi\/#organization\",\"name\":\"Bebeveyn Akademi\",\"url\":\"https:\/\/bebek.com\/bebeveynakademi\/\",\"sameAs\":[],\"logo\":{\"@type\":\"ImageObject\",\"inLanguage\":\"tr\",\"@id\":\"https:\/\/bebek.com\/bebeveynakademi\/#\/schema\/logo\/image\/\",\"url\":\"https:\/\/bebek.com\/bebeveynakademi\/wp-content\/uploads\/2021\/10\/cropped-logo.png\",\"contentUrl\":\"https:\/\/bebek.com\/bebeveynakademi\/wp-content\/uploads\/2021\/10\/cropped-logo.png\",\"width\":341,\"height\":156,\"caption\":\"Bebeveyn Akademi\"},\"image\":{\"@id\":\"https:\/\/bebek.com\/bebeveynakademi\/#\/schema\/logo\/image\/\"}}]}<\/script>\n<!-- \/ Yoast SEO plugin. -->","yoast_head_json":{"title":"Kitaplar\u0131m - Bebeveyn Akademi","robots":{"index":"noindex","follow":"follow","max-snippet":"max-snippet:-1","max-image-preview":"max-image-preview:large","max-video-preview":"max-video-preview:-1"},"og_locale":"tr_TR","og_type":"article","og_title":"Kitaplar\u0131m - Bebeveyn Akademi","og_description":"\u00c7izgi Bebekler do\u011fduklar\u0131nda ancak kontrast renkleri ay\u0131rt edebilirler. Bu nedenle de ilk bebek kitaplar\u0131 siyah beyaz g\u00f6rsellerden olu\u015fan karton kitaplar olarak kurgulan\u0131r. \u00c7izgi kitab\u0131 da&hellip;","og_url":"https:\/\/bebek.com\/bebeveynakademi\/kitaplarim\/","og_site_name":"Bebeveyn Akademi","article_modified_time":"2021-11-23T13:01:02+00:00","og_image":[{"url":"https:\/\/bebek.com\/bebeveynakademi\/wp-content\/uploads\/2021\/11\/kitap1.png"}],"twitter_card":"summary_large_image","twitter_misc":{"Tahmini okuma s\u00fcresi":"2 dakika"},"schema":{"@context":"https:\/\/schema.org","@graph":[{"@type":"WebPage","@id":"https:\/\/bebek.com\/bebeveynakademi\/kitaplarim\/","url":"https:\/\/bebek.com\/bebeveynakademi\/kitaplarim\/","name":"Kitaplar\u0131m - Bebeveyn Akademi","isPartOf":{"@id":"https:\/\/bebek.com\/bebeveynakademi\/#website"},"datePublished":"2021-10-21T09:21:36+00:00","dateModified":"2021-11-23T13:01:02+00:00","breadcrumb":{"@id":"https:\/\/bebek.com\/bebeveynakademi\/kitaplarim\/#breadcrumb"},"inLanguage":"tr","potentialAction":[{"@type":"ReadAction","target":["https:\/\/bebek.com\/bebeveynakademi\/kitaplarim\/"]}]},{"@type":"BreadcrumbList","@id":"https:\/\/bebek.com\/bebeveynakademi\/kitaplarim\/#breadcrumb","itemListElement":[{"@type":"ListItem","position":1,"name":"Anasayfa","item":"https:\/\/bebek.com\/bebeveynakademi\/"},{"@type":"ListItem","position":2,"name":"- Kitaplar\u0131m"}]},{"@type":"WebSite","@id":"https:\/\/bebek.com\/bebeveynakademi\/#website","url":"https:\/\/bebek.com\/bebeveynakademi\/","name":"Bebeveyn Akademi","description":"","publisher":{"@id":"https:\/\/bebek.com\/bebeveynakademi\/#organization"},"potentialAction":[{"@type":"SearchAction","target":{"@type":"EntryPoint","urlTemplate":"https:\/\/bebek.com\/bebeveynakademi\/?s={search_term_string}"},"query-input":"required name=search_term_string"}],"inLanguage":"tr"},{"@type":"Organization","@id":"https:\/\/bebek.com\/bebeveynakademi\/#organization","name":"Bebeveyn Akademi","url":"https:\/\/bebek.com\/bebeveynakademi\/","sameAs":[],"logo":{"@type":"ImageObject","inLanguage":"tr","@id":"https:\/\/bebek.com\/bebeveynakademi\/#\/schema\/logo\/image\/","url":"https:\/\/bebek.com\/bebeveynakademi\/wp-content\/uploads\/2021\/10\/cropped-logo.png","contentUrl":"https:\/\/bebek.com\/bebeveynakademi\/wp-content\/uploads\/2021\/10\/cropped-logo.png","width":341,"height":156,"caption":"Bebeveyn Akademi"},"image":{"@id":"https:\/\/bebek.com\/bebeveynakademi\/#\/schema\/logo\/image\/"}}]}},"_links":{"self":[{"href":"https:\/\/bebek.com\/bebeveynakademi\/wp-json\/wp\/v2\/pages\/568","targetHints":{"allow":["GET"]}}],"collection":[{"href":"https:\/\/bebek.com\/bebeveynakademi\/wp-json\/wp\/v2\/pages"}],"about":[{"href":"https:\/\/bebek.com\/bebeveynakademi\/wp-json\/wp\/v2\/types\/page"}],"author":[{"embeddable":true,"href":"https:\/\/bebek.com\/bebeveynakademi\/wp-json\/wp\/v2\/users\/19"}],"replies":[{"embeddable":true,"href":"https:\/\/bebek.com\/bebeveynakademi\/wp-json\/wp\/v2\/comments?post=568"}],"version-history":[{"count":20,"href":"https:\/\/bebek.com\/bebeveynakademi\/wp-json\/wp\/v2\/pages\/568\/revisions"}],"predecessor-version":[{"id":1827,"href":"https:\/\/bebek.com\/bebeveynakademi\/wp-json\/wp\/v2\/pages\/568\/revisions\/1827"}],"wp:attachment":[{"href":"https:\/\/bebek.com\/bebeveynakademi\/wp-json\/wp\/v2\/media?parent=568"}],"curies":[{"name":"wp","href":"https:\/\/api.w.org\/{rel}","templated":true}]}}