{"id":814,"date":"2021-11-04T07:42:44","date_gmt":"2021-11-04T07:42:44","guid":{"rendered":"https:\/\/61307986s.tzeka.com.tr\/?page_id=814"},"modified":"2021-11-04T08:52:46","modified_gmt":"2021-11-04T08:52:46","slug":"anne-adayi","status":"publish","type":"page","link":"https:\/\/bebek.com\/bebeveynakademi\/anne-adayi\/","title":{"rendered":"Anne Aday\u0131"},"content":{"rendered":"\t\t<div data-elementor-type=\"wp-page\" data-elementor-id=\"814\" class=\"elementor elementor-814\">\n\t\t\t\t\t\t\t\t\t<section class=\"elementor-section elementor-top-section elementor-element elementor-element-197f866 elementor-section-boxed elementor-section-height-default elementor-section-height-default\" data-id=\"197f866\" data-element_type=\"section\">\n\t\t\t\t\t\t<div class=\"elementor-container elementor-column-gap-default\">\n\t\t\t\t\t<div class=\"elementor-column elementor-col-100 elementor-top-column elementor-element elementor-element-036a115\" data-id=\"036a115\" data-element_type=\"column\">\n\t\t\t<div class=\"elementor-widget-wrap elementor-element-populated\">\n\t\t\t\t\t\t\t\t<div class=\"elementor-element elementor-element-b3d88d4 elementor-widget elementor-widget-heading\" data-id=\"b3d88d4\" data-element_type=\"widget\" data-widget_type=\"heading.default\">\n\t\t\t\t<div class=\"elementor-widget-container\">\n\t\t\t<style>\/*! elementor - v3.7.1 - 14-08-2022 *\/\n.elementor-heading-title{padding:0;margin:0;line-height:1}.elementor-widget-heading .elementor-heading-title[class*=elementor-size-]>a{color:inherit;font-size:inherit;line-height:inherit}.elementor-widget-heading .elementor-heading-title.elementor-size-small{font-size:15px}.elementor-widget-heading .elementor-heading-title.elementor-size-medium{font-size:19px}.elementor-widget-heading .elementor-heading-title.elementor-size-large{font-size:29px}.elementor-widget-heading .elementor-heading-title.elementor-size-xl{font-size:39px}.elementor-widget-heading .elementor-heading-title.elementor-size-xxl{font-size:59px}<\/style><h2 class=\"elementor-heading-title elementor-size-default\">De\u011ferli Anne Aday\u0131<\/h2>\t\t<\/div>\n\t\t\t\t<\/div>\n\t\t\t\t\t<\/div>\n\t\t<\/div>\n\t\t\t\t\t\t\t<\/div>\n\t\t<\/section>\n\t\t\t\t<section class=\"elementor-section elementor-top-section elementor-element elementor-element-465ec44 elementor-section-boxed elementor-section-height-default elementor-section-height-default\" data-id=\"465ec44\" data-element_type=\"section\">\n\t\t\t\t\t\t<div class=\"elementor-container elementor-column-gap-default\">\n\t\t\t\t\t<div class=\"elementor-column elementor-col-33 elementor-top-column elementor-element elementor-element-dd393c9\" data-id=\"dd393c9\" data-element_type=\"column\">\n\t\t\t<div class=\"elementor-widget-wrap elementor-element-populated\">\n\t\t\t\t\t\t\t\t<div class=\"elementor-element elementor-element-7b4557e elementor-widget elementor-widget-heading\" data-id=\"7b4557e\" data-element_type=\"widget\" data-widget_type=\"heading.default\">\n\t\t\t\t<div class=\"elementor-widget-container\">\n\t\t\t<h2 class=\"elementor-heading-title elementor-size-default\">Do\u011fuma girmeden \u00f6nce bunlar\u0131 bil<\/h2>\t\t<\/div>\n\t\t\t\t<\/div>\n\t\t\t\t<div class=\"elementor-element elementor-element-bce3171 elementor-widget elementor-widget-image\" data-id=\"bce3171\" data-element_type=\"widget\" data-widget_type=\"image.default\">\n\t\t\t\t<div class=\"elementor-widget-container\">\n\t\t\t<style>\/*! elementor - v3.7.1 - 14-08-2022 *\/\n.elementor-widget-image{text-align:center}.elementor-widget-image a{display:inline-block}.elementor-widget-image a img[src$=\".svg\"]{width:48px}.elementor-widget-image img{vertical-align:middle;display:inline-block}<\/style>\t\t\t\t\t\t\t\t\t\t\t\t<img loading=\"lazy\" decoding=\"async\" width=\"768\" height=\"768\" src=\"https:\/\/bebek.com\/bebeveynakademi\/wp-content\/uploads\/2021\/11\/8-768x768.jpg\" class=\"attachment-medium_large size-medium_large\" alt=\"\" srcset=\"https:\/\/bebek.com\/bebeveynakademi\/wp-content\/uploads\/2021\/11\/8-768x768.jpg 768w, https:\/\/bebek.com\/bebeveynakademi\/wp-content\/uploads\/2021\/11\/8-300x300.jpg 300w, https:\/\/bebek.com\/bebeveynakademi\/wp-content\/uploads\/2021\/11\/8-1024x1024.jpg 1024w, https:\/\/bebek.com\/bebeveynakademi\/wp-content\/uploads\/2021\/11\/8-150x150.jpg 150w, https:\/\/bebek.com\/bebeveynakademi\/wp-content\/uploads\/2021\/11\/8-1536x1536.jpg 1536w, https:\/\/bebek.com\/bebeveynakademi\/wp-content\/uploads\/2021\/11\/8-2048x2048.jpg 2048w\" sizes=\"auto, (max-width: 768px) 100vw, 768px\" \/>\t\t\t\t\t\t\t\t\t\t\t\t\t\t\t<\/div>\n\t\t\t\t<\/div>\n\t\t\t\t\t<\/div>\n\t\t<\/div>\n\t\t\t\t<div class=\"elementor-column elementor-col-33 elementor-top-column elementor-element elementor-element-8226c21\" data-id=\"8226c21\" data-element_type=\"column\">\n\t\t\t<div class=\"elementor-widget-wrap elementor-element-populated\">\n\t\t\t\t\t\t\t\t<div class=\"elementor-element elementor-element-4082d05 elementor-widget elementor-widget-heading\" data-id=\"4082d05\" data-element_type=\"widget\" data-widget_type=\"heading.default\">\n\t\t\t\t<div class=\"elementor-widget-container\">\n\t\t\t<h2 class=\"elementor-heading-title elementor-size-default\">G\u00f6bek ba\u011f\u0131n\u0131n \u00f6tesinde ba\u011flanma<\/h2>\t\t<\/div>\n\t\t\t\t<\/div>\n\t\t\t\t<div class=\"elementor-element elementor-element-b137f52 elementor-widget elementor-widget-image\" data-id=\"b137f52\" data-element_type=\"widget\" data-widget_type=\"image.default\">\n\t\t\t\t<div class=\"elementor-widget-container\">\n\t\t\t\t\t\t\t\t\t\t\t\t\t\t\t<img loading=\"lazy\" decoding=\"async\" width=\"768\" height=\"768\" src=\"https:\/\/bebek.com\/bebeveynakademi\/wp-content\/uploads\/2021\/11\/7-768x768.jpg\" class=\"attachment-medium_large size-medium_large\" alt=\"\" srcset=\"https:\/\/bebek.com\/bebeveynakademi\/wp-content\/uploads\/2021\/11\/7-768x768.jpg 768w, https:\/\/bebek.com\/bebeveynakademi\/wp-content\/uploads\/2021\/11\/7-300x300.jpg 300w, https:\/\/bebek.com\/bebeveynakademi\/wp-content\/uploads\/2021\/11\/7-1024x1024.jpg 1024w, https:\/\/bebek.com\/bebeveynakademi\/wp-content\/uploads\/2021\/11\/7-150x150.jpg 150w, https:\/\/bebek.com\/bebeveynakademi\/wp-content\/uploads\/2021\/11\/7.jpg 1415w\" sizes=\"auto, (max-width: 768px) 100vw, 768px\" \/>\t\t\t\t\t\t\t\t\t\t\t\t\t\t\t<\/div>\n\t\t\t\t<\/div>\n\t\t\t\t\t<\/div>\n\t\t<\/div>\n\t\t\t\t<div class=\"elementor-column elementor-col-33 elementor-top-column elementor-element elementor-element-a9223a4\" data-id=\"a9223a4\" data-element_type=\"column\">\n\t\t\t<div class=\"elementor-widget-wrap elementor-element-populated\">\n\t\t\t\t\t\t\t\t<div class=\"elementor-element elementor-element-50dea48 elementor-widget elementor-widget-heading\" data-id=\"50dea48\" data-element_type=\"widget\" data-widget_type=\"heading.default\">\n\t\t\t\t<div class=\"elementor-widget-container\">\n\t\t\t<h2 class=\"elementor-heading-title elementor-size-default\">Oksijen maskesini \u00f6nce kendinize tak\u0131n<\/h2>\t\t<\/div>\n\t\t\t\t<\/div>\n\t\t\t\t<div class=\"elementor-element elementor-element-c1e2a44 elementor-widget elementor-widget-image\" data-id=\"c1e2a44\" data-element_type=\"widget\" data-widget_type=\"image.default\">\n\t\t\t\t<div class=\"elementor-widget-container\">\n\t\t\t\t\t\t\t\t\t\t\t\t\t\t\t<img loading=\"lazy\" decoding=\"async\" width=\"843\" height=\"843\" src=\"https:\/\/bebek.com\/bebeveynakademi\/wp-content\/uploads\/2021\/11\/6_r-1024x1024.jpg\" class=\"attachment-large size-large\" alt=\"\" srcset=\"https:\/\/bebek.com\/bebeveynakademi\/wp-content\/uploads\/2021\/11\/6_r-1024x1024.jpg 1024w, https:\/\/bebek.com\/bebeveynakademi\/wp-content\/uploads\/2021\/11\/6_r-300x300.jpg 300w, https:\/\/bebek.com\/bebeveynakademi\/wp-content\/uploads\/2021\/11\/6_r-150x150.jpg 150w, https:\/\/bebek.com\/bebeveynakademi\/wp-content\/uploads\/2021\/11\/6_r-768x768.jpg 768w, https:\/\/bebek.com\/bebeveynakademi\/wp-content\/uploads\/2021\/11\/6_r.jpg 1200w\" sizes=\"auto, (max-width: 843px) 100vw, 843px\" \/>\t\t\t\t\t\t\t\t\t\t\t\t\t\t\t<\/div>\n\t\t\t\t<\/div>\n\t\t\t\t\t<\/div>\n\t\t<\/div>\n\t\t\t\t\t\t\t<\/div>\n\t\t<\/section>\n\t\t\t\t<section class=\"elementor-section elementor-top-section elementor-element elementor-element-8eb802c elementor-section-boxed elementor-section-height-default elementor-section-height-default\" data-id=\"8eb802c\" data-element_type=\"section\">\n\t\t\t\t\t\t<div class=\"elementor-container elementor-column-gap-default\">\n\t\t\t\t\t<div class=\"elementor-column elementor-col-33 elementor-top-column elementor-element elementor-element-6178695\" data-id=\"6178695\" data-element_type=\"column\">\n\t\t\t<div class=\"elementor-widget-wrap elementor-element-populated\">\n\t\t\t\t\t\t\t\t<div class=\"elementor-element elementor-element-ac463ff elementor-widget elementor-widget-heading\" data-id=\"ac463ff\" data-element_type=\"widget\" data-widget_type=\"heading.default\">\n\t\t\t\t<div class=\"elementor-widget-container\">\n\t\t\t<h2 class=\"elementor-heading-title elementor-size-default\">Sevgili Baba<br><\/h2>\t\t<\/div>\n\t\t\t\t<\/div>\n\t\t\t\t<div class=\"elementor-element elementor-element-c11b427 elementor-widget elementor-widget-image\" data-id=\"c11b427\" data-element_type=\"widget\" data-widget_type=\"image.default\">\n\t\t\t\t<div class=\"elementor-widget-container\">\n\t\t\t\t\t\t\t\t\t\t\t\t\t\t\t<img loading=\"lazy\" decoding=\"async\" width=\"843\" height=\"843\" src=\"https:\/\/bebek.com\/bebeveynakademi\/wp-content\/uploads\/2021\/11\/5-1024x1024.jpg\" class=\"attachment-large size-large\" alt=\"\" srcset=\"https:\/\/bebek.com\/bebeveynakademi\/wp-content\/uploads\/2021\/11\/5-1024x1024.jpg 1024w, https:\/\/bebek.com\/bebeveynakademi\/wp-content\/uploads\/2021\/11\/5-300x300.jpg 300w, https:\/\/bebek.com\/bebeveynakademi\/wp-content\/uploads\/2021\/11\/5-150x150.jpg 150w, https:\/\/bebek.com\/bebeveynakademi\/wp-content\/uploads\/2021\/11\/5-768x768.jpg 768w, https:\/\/bebek.com\/bebeveynakademi\/wp-content\/uploads\/2021\/11\/5-1536x1536.jpg 1536w, https:\/\/bebek.com\/bebeveynakademi\/wp-content\/uploads\/2021\/11\/5.jpg 1865w\" sizes=\"auto, (max-width: 843px) 100vw, 843px\" \/>\t\t\t\t\t\t\t\t\t\t\t\t\t\t\t<\/div>\n\t\t\t\t<\/div>\n\t\t\t\t\t<\/div>\n\t\t<\/div>\n\t\t\t\t<div class=\"elementor-column elementor-col-33 elementor-top-column elementor-element elementor-element-0899a19\" data-id=\"0899a19\" data-element_type=\"column\">\n\t\t\t<div class=\"elementor-widget-wrap elementor-element-populated\">\n\t\t\t\t\t\t\t\t<div class=\"elementor-element elementor-element-e667319 elementor-widget elementor-widget-heading\" data-id=\"e667319\" data-element_type=\"widget\" data-widget_type=\"heading.default\">\n\t\t\t\t<div class=\"elementor-widget-container\">\n\t\t\t<h2 class=\"elementor-heading-title elementor-size-default\">Aile b\u00fcy\u00fcklerine <br>mektup<\/h2>\t\t<\/div>\n\t\t\t\t<\/div>\n\t\t\t\t<div class=\"elementor-element elementor-element-b5a19aa elementor-widget elementor-widget-image\" data-id=\"b5a19aa\" data-element_type=\"widget\" data-widget_type=\"image.default\">\n\t\t\t\t<div class=\"elementor-widget-container\">\n\t\t\t\t\t\t\t\t\t\t\t\t\t\t\t<img loading=\"lazy\" decoding=\"async\" width=\"768\" height=\"768\" src=\"https:\/\/bebek.com\/bebeveynakademi\/wp-content\/uploads\/2021\/11\/3-768x768.jpg\" class=\"attachment-medium_large size-medium_large\" alt=\"\" srcset=\"https:\/\/bebek.com\/bebeveynakademi\/wp-content\/uploads\/2021\/11\/3-768x768.jpg 768w, https:\/\/bebek.com\/bebeveynakademi\/wp-content\/uploads\/2021\/11\/3-300x300.jpg 300w, https:\/\/bebek.com\/bebeveynakademi\/wp-content\/uploads\/2021\/11\/3-1024x1024.jpg 1024w, https:\/\/bebek.com\/bebeveynakademi\/wp-content\/uploads\/2021\/11\/3-150x150.jpg 150w, https:\/\/bebek.com\/bebeveynakademi\/wp-content\/uploads\/2021\/11\/3-1536x1536.jpg 1536w, https:\/\/bebek.com\/bebeveynakademi\/wp-content\/uploads\/2021\/11\/3.jpg 1921w\" sizes=\"auto, (max-width: 768px) 100vw, 768px\" \/>\t\t\t\t\t\t\t\t\t\t\t\t\t\t\t<\/div>\n\t\t\t\t<\/div>\n\t\t\t\t\t<\/div>\n\t\t<\/div>\n\t\t\t\t<div class=\"elementor-column elementor-col-33 elementor-top-column elementor-element elementor-element-0771ab5\" data-id=\"0771ab5\" data-element_type=\"column\">\n\t\t\t<div class=\"elementor-widget-wrap elementor-element-populated\">\n\t\t\t\t\t\t\t\t<div class=\"elementor-element elementor-element-0c090c9 elementor-widget elementor-widget-heading\" data-id=\"0c090c9\" data-element_type=\"widget\" data-widget_type=\"heading.default\">\n\t\t\t\t<div class=\"elementor-widget-container\">\n\t\t\t<h2 class=\"elementor-heading-title elementor-size-default\">Neden kitaplar, masallar ve ninniler<\/h2>\t\t<\/div>\n\t\t\t\t<\/div>\n\t\t\t\t<div class=\"elementor-element elementor-element-6dc92b6 elementor-widget elementor-widget-image\" data-id=\"6dc92b6\" data-element_type=\"widget\" data-widget_type=\"image.default\">\n\t\t\t\t<div class=\"elementor-widget-container\">\n\t\t\t\t\t\t\t\t\t\t\t\t\t\t\t<img loading=\"lazy\" decoding=\"async\" width=\"843\" height=\"843\" src=\"https:\/\/bebek.com\/bebeveynakademi\/wp-content\/uploads\/2021\/11\/4_r-1024x1024.jpg\" class=\"attachment-large size-large\" alt=\"\" srcset=\"https:\/\/bebek.com\/bebeveynakademi\/wp-content\/uploads\/2021\/11\/4_r-1024x1024.jpg 1024w, https:\/\/bebek.com\/bebeveynakademi\/wp-content\/uploads\/2021\/11\/4_r-300x300.jpg 300w, https:\/\/bebek.com\/bebeveynakademi\/wp-content\/uploads\/2021\/11\/4_r-150x150.jpg 150w, https:\/\/bebek.com\/bebeveynakademi\/wp-content\/uploads\/2021\/11\/4_r-768x768.jpg 768w, https:\/\/bebek.com\/bebeveynakademi\/wp-content\/uploads\/2021\/11\/4_r.jpg 1200w\" sizes=\"auto, (max-width: 843px) 100vw, 843px\" \/>\t\t\t\t\t\t\t\t\t\t\t\t\t\t\t<\/div>\n\t\t\t\t<\/div>\n\t\t\t\t\t<\/div>\n\t\t<\/div>\n\t\t\t\t\t\t\t<\/div>\n\t\t<\/section>\n\t\t\t\t\t\t\t<\/div>\n\t\t","protected":false},"excerpt":{"rendered":"<p>De\u011ferli Anne Aday\u0131 Do\u011fuma girmeden \u00f6nce bunlar\u0131 bil G\u00f6bek ba\u011f\u0131n\u0131n \u00f6tesinde ba\u011flanma Oksijen maskesini \u00f6nce kendinize tak\u0131n Sevgili Baba Aile b\u00fcy\u00fcklerine mektup Neden kitaplar, masallar&hellip;<\/p>\n","protected":false},"author":19,"featured_media":0,"parent":0,"menu_order":0,"comment_status":"closed","ping_status":"closed","template":"","meta":{"_mi_skip_tracking":false,"footnotes":""},"class_list":["post-814","page","type-page","status-publish","hentry"],"yoast_head":"<!-- This site is optimized with the Yoast SEO plugin v19.5.1 - https:\/\/yoast.com\/wordpress\/plugins\/seo\/ -->\n<title>Anne Aday\u0131 - Bebeveyn Akademi<\/title>\n<meta name=\"robots\" content=\"noindex, follow, max-snippet:-1, max-image-preview:large, max-video-preview:-1\" \/>\n<meta property=\"og:locale\" content=\"tr_TR\" \/>\n<meta property=\"og:type\" content=\"article\" \/>\n<meta property=\"og:title\" content=\"Anne Aday\u0131 - Bebeveyn Akademi\" \/>\n<meta property=\"og:description\" content=\"De\u011ferli Anne Aday\u0131 Do\u011fuma girmeden \u00f6nce bunlar\u0131 bil G\u00f6bek ba\u011f\u0131n\u0131n \u00f6tesinde ba\u011flanma Oksijen maskesini \u00f6nce kendinize tak\u0131n Sevgili Baba Aile b\u00fcy\u00fcklerine mektup Neden kitaplar, masallar&hellip;\" \/>\n<meta property=\"og:url\" content=\"https:\/\/bebek.com\/bebeveynakademi\/anne-adayi\/\" \/>\n<meta property=\"og:site_name\" content=\"Bebeveyn Akademi\" \/>\n<meta property=\"article:modified_time\" content=\"2021-11-04T08:52:46+00:00\" \/>\n<meta property=\"og:image\" content=\"https:\/\/bebek.com\/bebeveynakademi\/wp-content\/uploads\/2021\/11\/8-768x768.jpg\" \/>\n<meta name=\"twitter:card\" content=\"summary_large_image\" \/>\n<script type=\"application\/ld+json\" class=\"yoast-schema-graph\">{\"@context\":\"https:\/\/schema.org\",\"@graph\":[{\"@type\":\"WebPage\",\"@id\":\"https:\/\/bebek.com\/bebeveynakademi\/anne-adayi\/\",\"url\":\"https:\/\/bebek.com\/bebeveynakademi\/anne-adayi\/\",\"name\":\"Anne Aday\u0131 - Bebeveyn Akademi\",\"isPartOf\":{\"@id\":\"https:\/\/bebek.com\/bebeveynakademi\/#website\"},\"datePublished\":\"2021-11-04T07:42:44+00:00\",\"dateModified\":\"2021-11-04T08:52:46+00:00\",\"breadcrumb\":{\"@id\":\"https:\/\/bebek.com\/bebeveynakademi\/anne-adayi\/#breadcrumb\"},\"inLanguage\":\"tr\",\"potentialAction\":[{\"@type\":\"ReadAction\",\"target\":[\"https:\/\/bebek.com\/bebeveynakademi\/anne-adayi\/\"]}]},{\"@type\":\"BreadcrumbList\",\"@id\":\"https:\/\/bebek.com\/bebeveynakademi\/anne-adayi\/#breadcrumb\",\"itemListElement\":[{\"@type\":\"ListItem\",\"position\":1,\"name\":\"Anasayfa\",\"item\":\"https:\/\/bebek.com\/bebeveynakademi\/\"},{\"@type\":\"ListItem\",\"position\":2,\"name\":\"- Anne Aday\u0131\"}]},{\"@type\":\"WebSite\",\"@id\":\"https:\/\/bebek.com\/bebeveynakademi\/#website\",\"url\":\"https:\/\/bebek.com\/bebeveynakademi\/\",\"name\":\"Bebeveyn Akademi\",\"description\":\"\",\"publisher\":{\"@id\":\"https:\/\/bebek.com\/bebeveynakademi\/#organization\"},\"potentialAction\":[{\"@type\":\"SearchAction\",\"target\":{\"@type\":\"EntryPoint\",\"urlTemplate\":\"https:\/\/bebek.com\/bebeveynakademi\/?s={search_term_string}\"},\"query-input\":\"required name=search_term_string\"}],\"inLanguage\":\"tr\"},{\"@type\":\"Organization\",\"@id\":\"https:\/\/bebek.com\/bebeveynakademi\/#organization\",\"name\":\"Bebeveyn Akademi\",\"url\":\"https:\/\/bebek.com\/bebeveynakademi\/\",\"sameAs\":[],\"logo\":{\"@type\":\"ImageObject\",\"inLanguage\":\"tr\",\"@id\":\"https:\/\/bebek.com\/bebeveynakademi\/#\/schema\/logo\/image\/\",\"url\":\"https:\/\/bebek.com\/bebeveynakademi\/wp-content\/uploads\/2021\/10\/cropped-logo.png\",\"contentUrl\":\"https:\/\/bebek.com\/bebeveynakademi\/wp-content\/uploads\/2021\/10\/cropped-logo.png\",\"width\":341,\"height\":156,\"caption\":\"Bebeveyn Akademi\"},\"image\":{\"@id\":\"https:\/\/bebek.com\/bebeveynakademi\/#\/schema\/logo\/image\/\"}}]}<\/script>\n<!-- \/ Yoast SEO plugin. -->","yoast_head_json":{"title":"Anne Aday\u0131 - Bebeveyn Akademi","robots":{"index":"noindex","follow":"follow","max-snippet":"max-snippet:-1","max-image-preview":"max-image-preview:large","max-video-preview":"max-video-preview:-1"},"og_locale":"tr_TR","og_type":"article","og_title":"Anne Aday\u0131 - Bebeveyn Akademi","og_description":"De\u011ferli Anne Aday\u0131 Do\u011fuma girmeden \u00f6nce bunlar\u0131 bil G\u00f6bek ba\u011f\u0131n\u0131n \u00f6tesinde ba\u011flanma Oksijen maskesini \u00f6nce kendinize tak\u0131n Sevgili Baba Aile b\u00fcy\u00fcklerine mektup Neden kitaplar, masallar&hellip;","og_url":"https:\/\/bebek.com\/bebeveynakademi\/anne-adayi\/","og_site_name":"Bebeveyn Akademi","article_modified_time":"2021-11-04T08:52:46+00:00","og_image":[{"url":"https:\/\/bebek.com\/bebeveynakademi\/wp-content\/uploads\/2021\/11\/8-768x768.jpg"}],"twitter_card":"summary_large_image","schema":{"@context":"https:\/\/schema.org","@graph":[{"@type":"WebPage","@id":"https:\/\/bebek.com\/bebeveynakademi\/anne-adayi\/","url":"https:\/\/bebek.com\/bebeveynakademi\/anne-adayi\/","name":"Anne Aday\u0131 - Bebeveyn Akademi","isPartOf":{"@id":"https:\/\/bebek.com\/bebeveynakademi\/#website"},"datePublished":"2021-11-04T07:42:44+00:00","dateModified":"2021-11-04T08:52:46+00:00","breadcrumb":{"@id":"https:\/\/bebek.com\/bebeveynakademi\/anne-adayi\/#breadcrumb"},"inLanguage":"tr","potentialAction":[{"@type":"ReadAction","target":["https:\/\/bebek.com\/bebeveynakademi\/anne-adayi\/"]}]},{"@type":"BreadcrumbList","@id":"https:\/\/bebek.com\/bebeveynakademi\/anne-adayi\/#breadcrumb","itemListElement":[{"@type":"ListItem","position":1,"name":"Anasayfa","item":"https:\/\/bebek.com\/bebeveynakademi\/"},{"@type":"ListItem","position":2,"name":"- Anne Aday\u0131"}]},{"@type":"WebSite","@id":"https:\/\/bebek.com\/bebeveynakademi\/#website","url":"https:\/\/bebek.com\/bebeveynakademi\/","name":"Bebeveyn Akademi","description":"","publisher":{"@id":"https:\/\/bebek.com\/bebeveynakademi\/#organization"},"potentialAction":[{"@type":"SearchAction","target":{"@type":"EntryPoint","urlTemplate":"https:\/\/bebek.com\/bebeveynakademi\/?s={search_term_string}"},"query-input":"required name=search_term_string"}],"inLanguage":"tr"},{"@type":"Organization","@id":"https:\/\/bebek.com\/bebeveynakademi\/#organization","name":"Bebeveyn Akademi","url":"https:\/\/bebek.com\/bebeveynakademi\/","sameAs":[],"logo":{"@type":"ImageObject","inLanguage":"tr","@id":"https:\/\/bebek.com\/bebeveynakademi\/#\/schema\/logo\/image\/","url":"https:\/\/bebek.com\/bebeveynakademi\/wp-content\/uploads\/2021\/10\/cropped-logo.png","contentUrl":"https:\/\/bebek.com\/bebeveynakademi\/wp-content\/uploads\/2021\/10\/cropped-logo.png","width":341,"height":156,"caption":"Bebeveyn Akademi"},"image":{"@id":"https:\/\/bebek.com\/bebeveynakademi\/#\/schema\/logo\/image\/"}}]}},"_links":{"self":[{"href":"https:\/\/bebek.com\/bebeveynakademi\/wp-json\/wp\/v2\/pages\/814","targetHints":{"allow":["GET"]}}],"collection":[{"href":"https:\/\/bebek.com\/bebeveynakademi\/wp-json\/wp\/v2\/pages"}],"about":[{"href":"https:\/\/bebek.com\/bebeveynakademi\/wp-json\/wp\/v2\/types\/page"}],"author":[{"embeddable":true,"href":"https:\/\/bebek.com\/bebeveynakademi\/wp-json\/wp\/v2\/users\/19"}],"replies":[{"embeddable":true,"href":"https:\/\/bebek.com\/bebeveynakademi\/wp-json\/wp\/v2\/comments?post=814"}],"version-history":[{"count":19,"href":"https:\/\/bebek.com\/bebeveynakademi\/wp-json\/wp\/v2\/pages\/814\/revisions"}],"predecessor-version":[{"id":899,"href":"https:\/\/bebek.com\/bebeveynakademi\/wp-json\/wp\/v2\/pages\/814\/revisions\/899"}],"wp:attachment":[{"href":"https:\/\/bebek.com\/bebeveynakademi\/wp-json\/wp\/v2\/media?parent=814"}],"curies":[{"name":"wp","href":"https:\/\/api.w.org\/{rel}","templated":true}]}}